{"id":117375,"date":"2024-11-14T15:50:19","date_gmt":"2024-11-14T14:50:19","guid":{"rendered":"http:\/\/e-bike-tours.ch.celsius.ch-meta.net\/?page_id=117375"},"modified":"2024-11-14T15:50:19","modified_gmt":"2024-11-14T14:50:19","slug":"nos-e-bikes-de-location","status":"publish","type":"page","link":"https:\/\/staging.e-bike-tours.ch\/fr\/sur-nous\/nos-e-bikes-de-location\/","title":{"rendered":"Nos e-bikes de location"},"content":{"rendered":"<div class=\"wpb-content-wrapper\">[vc_section][vc_row full_width=\u00a0\u00bbstretch_row_content_no_spaces\u00a0\u00bb css=\u00a0\u00bb.vc_custom_1607424713479{background-image: url(https:\/\/ebiketours.rokka.io\/ebiketours-full\/85d1134c6631c1320ba82c03e693a275a2eca515\/diverse-e-bikes-2000&#215;400-1.jpeg?id=117485) !important;background-position: center !important;background-repeat: no-repeat !important;background-size: cover !important;}\u00a0\u00bb el_class=\u00a0\u00bbwk-header\u00a0\u00bb][vc_column][\/vc_column][\/vc_row][\/vc_section][vc_section el_class=\u00a0\u00bbwk-section\u00a0\u00bb][vc_row][vc_column][vc_column_text]\n<h1>Nos e-bikes de location<\/h1>\n[\/vc_column_text][\/vc_column][\/vc_row][vc_row el_class=\u00a0\u00bbwk-row\u00a0\u00bb][vc_column][vc_column_text css=\u00a0\u00bb\u00a0\u00bb]Vivez une <strong>aventure inoubliable <\/strong>avec nos <strong>e-bikes de location de la marque Tour de Suisse<\/strong>. Nos e-bikes en location sont la garantie d\u2019une qualit\u00e9 et d\u2019un confort au top pour que vous profitiez \u00e0 fond de chaque voyage.[\/vc_column_text][vc_empty_space]<figure class=\"vcex-image vcex-module wpex-text-center\"><div class=\"vcex-image-inner wpex-relative wpex-inline-block\"><img width=\"800\" height=\"500\" src=\"https:\/\/staging.e-bike-tours.ch\/wp-content\/uploads\/2024\/05\/TDS.jpg\" class=\"vcex-image-img wpex-align-middle\" alt=\"\" loading=\"lazy\" decoding=\"async\" srcset=\"https:\/\/staging.e-bike-tours.ch\/wp-content\/uploads\/2024\/05\/TDS.jpg 800w, https:\/\/staging.e-bike-tours.ch\/wp-content\/uploads\/2024\/05\/TDS-300x188.jpg 300w, https:\/\/staging.e-bike-tours.ch\/wp-content\/uploads\/2024\/05\/TDS-768x480.jpg 768w\" sizes=\"auto, (max-width: 800px) 100vw, 800px\"><\/div><\/figure>[vc_empty_space][vc_column_text css=\u00a0\u00bb\u00a0\u00bb]\n<strong>Puissance de la batterie:<\/strong>\u00a0dot\u00e9es d\u2019une puissance de 500 Wh, nos batteries vous permettent de parcourir de longs trajets sans recharge.<\/p>\n<p><strong>Technologie:<\/strong>\u00a0d\u00e9railleur pr\u00e9cis et freins \u00e0 disque hydrauliques pour un maximum de contr\u00f4le et de s\u00e9curit\u00e9.<\/p>\n<p><strong>Confort:<\/strong>\u00a0les mod\u00e8les \u00e0 cadre bas facilitent la mont\u00e9e en selle et la descente.<\/p>\n<p><strong>Des v\u00e9los aux dimensions adapt\u00e9es:<\/strong>\u00a0nous proposons diff\u00e9rentes dimensions de v\u00e9lo pour que votre e-bike soit parfaitement adapt\u00e9 \u00e0 votre taille:<\/p>\n<p>Taille 150-159 cm: S (28\/42)*<br \/>\nTaille 160-169 cm: S (28\/48)*<br \/>\nTaille \u00e0 partir de 170 cm: L (28\/55)*<\/p>\n<p>*(taille des roues\u00a0\/ taille du cadre)<\/p>\n<p><strong>Pneus de trekking:<\/strong>\u00a0id\u00e9aux pour une multitude de sols \u2013 routes secondaires, asphalte ou terrains faciles.<\/p>\n<p><strong>Diff\u00e9rents niveaux d\u2019assistance au choix:<\/strong>\u00a0sans assistance, Eco, Auto, Sport Turbo \u2013 pour un mode de conduite \u00e0 votre guise.<\/p>\n<p><strong>Pack \u00abz\u00e9ro souci\u00bb:\u00a0<\/strong>notre assurance v\u00e9lo est incluse dans le prix de location et gr\u00e2ce \u00e0 nos v\u00e9los de remplacement, vous roulez l\u2019esprit serein lors de toutes vos excursions.<\/p>\n<p><strong>Un service complet:<\/strong>\u00a0nous nous chargeons du transport de votre e-bike dans une remorque et vous le restituons parfaitement nettoy\u00e9 et entretenu pour qu\u2019il soit pr\u00eat pour votre prochain circuit en e-bike.<br \/>\n[\/vc_column_text][vc_empty_space][vc_gallery interval=\u00a0\u00bb3&Prime; images=\u00a0\u00bb132337,132325,132327,132329,132323&Prime; img_size=\u00a0\u00bblarge\u00a0\u00bb css=\u00a0\u00bb\u00a0\u00bb][vc_column_text css=\u00a0\u00bb\u00a0\u00bb]\nAvec nos <strong>e-bikes de location<\/strong>, vous profitez d\u2019un confort de conduite maximal et d\u2019une technique fiable, en parfaite ad\u00e9quation avec vos besoins. Votre prochaine aventure en e-bike \u00e0 partir de 36 francs par jour et par e-bike de location.<\/p>\n<p>Gr\u00e2ce \u00e0 notre remorque \u00e0 v\u00e9los moderne, vous pouvez \u00e9galement emporter votre propre e-bike (assistance maximale: 25 km\/h). Le co\u00fbt du transport de votre e-bike en remorque est inclus dans le prix du voyage.<br \/>\n[\/vc_column_text][\/vc_column][\/vc_row][\/vc_section]\n<\/div>","protected":false},"excerpt":{"rendered":"<p>[vc_section][vc_row full_width=\u00a0\u00bbstretch_row_content_no_spaces\u00a0\u00bb css=\u00a0\u00bb.vc_custom_1607424713479{background-image: url(https:\/\/ebiketours.rokka.io\/ebiketours-full\/85d1134c6631c1320ba82c03e693a275a2eca515\/diverse-e-bikes-2000&#215;400-1.jpeg?id=117485) !important;background-position: center !important;background-repeat: no-repeat !important;background-size: cover !important;}\u00a0\u00bb el_class=\u00a0\u00bbwk-header\u00a0\u00bb][vc_column][\/vc_column][\/vc_row][\/vc_section][vc_section el_class=\u00a0\u00bbwk-section\u00a0\u00bb][vc_row][vc_column][vc_column_text] Nos e-bikes de location [\/vc_column_text][\/vc_column][\/vc_row][vc_row el_class=\u00a0\u00bbwk-row\u00a0\u00bb][vc_column][vc_column_text css=\u00a0\u00bb\u00a0\u00bb]Vivez une aventure inoubliable avec nos e-bikes de location de la marque Tour de Suisse. Nos e-bikes en location sont la garantie d\u2019une qualit\u00e9 et d\u2019un confort au top pour que vous profitiez \u00e0 fond de&hellip;<\/p>\n","protected":false},"author":5,"featured_media":0,"parent":94011,"menu_order":0,"comment_status":"closed","ping_status":"closed","template":"","meta":{"_acf_changed":false,"footnotes":""},"class_list":["post-117375","page","type-page","status-publish","hentry","entry","no-media"],"acf":[],"_links":{"self":[{"href":"https:\/\/staging.e-bike-tours.ch\/fr\/wp-json\/wp\/v2\/pages\/117375","targetHints":{"allow":["GET"]}}],"collection":[{"href":"https:\/\/staging.e-bike-tours.ch\/fr\/wp-json\/wp\/v2\/pages"}],"about":[{"href":"https:\/\/staging.e-bike-tours.ch\/fr\/wp-json\/wp\/v2\/types\/page"}],"author":[{"embeddable":true,"href":"https:\/\/staging.e-bike-tours.ch\/fr\/wp-json\/wp\/v2\/users\/5"}],"replies":[{"embeddable":true,"href":"https:\/\/staging.e-bike-tours.ch\/fr\/wp-json\/wp\/v2\/comments?post=117375"}],"version-history":[{"count":3,"href":"https:\/\/staging.e-bike-tours.ch\/fr\/wp-json\/wp\/v2\/pages\/117375\/revisions"}],"predecessor-version":[{"id":133936,"href":"https:\/\/staging.e-bike-tours.ch\/fr\/wp-json\/wp\/v2\/pages\/117375\/revisions\/133936"}],"up":[{"embeddable":true,"href":"https:\/\/staging.e-bike-tours.ch\/fr\/wp-json\/wp\/v2\/pages\/94011"}],"wp:attachment":[{"href":"https:\/\/staging.e-bike-tours.ch\/fr\/wp-json\/wp\/v2\/media?parent=117375"}],"curies":[{"name":"wp","href":"https:\/\/api.w.org\/{rel}","templated":true}]}}