{"id":93970,"date":"2019-11-07T14:26:36","date_gmt":"2019-11-07T13:26:36","guid":{"rendered":"https:\/\/car-tours.dev4.webkoenig.ch\/sur-nos-voyages\/einfach-buchen\/"},"modified":"2020-09-17T14:31:00","modified_gmt":"2020-09-17T12:31:00","slug":"il-suffit-de-reserver-alt","status":"publish","type":"page","link":"https:\/\/staging.e-bike-tours.ch\/fr\/sur-nos-voyages\/il-suffit-de-reserver-alt\/","title":{"rendered":"Il suffit de r\u00e9server alt"},"content":{"rendered":"<div class=\"wpb-content-wrapper\">[vc_section][vc_row full_width=\u00a0\u00bbstretch_row_content_no_spaces\u00a0\u00bb css=\u00a0\u00bb.vc_custom_1573133274124{background-image: url(https:\/\/car-tours.ch\/wp-content\/uploads\/2019\/11\/Einfach-buchen-2000&#215;400.jpg?id=6831) !important;background-position: center !important;background-repeat: no-repeat !important;background-size: cover !important;}\u00a0\u00bb el_class=\u00a0\u00bbwk-header\u00a0\u00bb][vc_column][\/vc_column][\/vc_row][\/vc_section][vc_section el_class=\u00a0\u00bbwk-section\u00a0\u00bb][vc_row][vc_column][vc_column_text]\n<h1>Il suffit de r\u00e9server<\/h1>\n[\/vc_column_text][\/vc_column][\/vc_row][vc_row el_class=\u00a0\u00bbwk-row\u00a0\u00bb][vc_column width=\u00a0\u00bb5\/6&Prime;][vc_column_text]Nous vendons tous nos voyages en direct et donc sans les frais habituels pour le commerce interm\u00e9diaire par Internet ou par t\u00e9l\u00e9phone. Ainsi, vous pouvez faire votre r\u00e9servation chez vous dans le confort et b\u00e9n\u00e9ficier des prix les plus bas possibles ![\/vc_column_text][\/vc_column][vc_column width=\u00a0\u00bb1\/6&Prime;][\/vc_column][\/vc_row][vc_row el_class=\u00a0\u00bbwk-row\u00a0\u00bb][vc_column width=\u00a0\u00bb1\/2&Prime;][vc_column_text]\n<h3>R\u00e9server par Internet:<\/h3>\n<p>L&rsquo;Internet en tant qu&rsquo;instrument de r\u00e9servation est de plus en plus populaire. Naviguez sur car-tours.ch \u00e0 tout moment de la journ\u00e9e et r\u00e9servez confortablement votre voyage par Internet. Qu&rsquo;est-ce qu&rsquo;il y a de mieux : lors d&rsquo;une r\u00e9servation par Internet, il n&rsquo;y a pas de frais de r\u00e9servation de CHF 20.00 ![\/vc_column_text][vc_column_text el_class=\u00a0\u00bbwk-padding-top\u00a0\u00bb]\n<h3>R\u00e9server par t\u00e9l\u00e9phone:<\/h3>\n<p>Nous vous conseillons \u00e9galement volontiers par t\u00e9l\u00e9phone de mani\u00e8re compl\u00e8te et comp\u00e9tente. Nos conseillers qualifi\u00e9s en voyages se feront un plaisir d&rsquo;accepter votre r\u00e9servation au 0848 00 77 99.[\/vc_column_text][vc_column_text el_class=\u00a0\u00bbwk-padding-top\u00a0\u00bb]\n<h3>Confirmation\/facture:<\/h3>\n<p>La confirmation de voyage\/facture de voyage qui vous est envoy\u00e9e par la poste ou par e-mail est d\u00e9terminante pour chaque r\u00e9servation. Dans les 5 jours ouvrables \u00e0 compter de la date d&rsquo;\u00e9mission de la facture\/confirmation, vous pouvez vous d\u00e9sabonner gratuitement de l&rsquo;inscription. Cette r\u00e8gle ne s&rsquo;applique pas aux r\u00e9servations faites moins de 31 jours avant le d\u00e9part ou aux r\u00e9servations qui n\u00e9cessitent une demande sp\u00e9ciale aupr\u00e8s du prestataire de services (sauf pour les r\u00e9servations de contingents).[\/vc_column_text][vc_column_text el_class=\u00a0\u00bbwk-padding-top\u00a0\u00bb]\n<h3>Paiement de la facture:<\/h3>\n<p>D\u00e8s r\u00e9ception de la confirmation de voyage \u00e9crite, un acompte de 30% du prix du forfait est d\u00fb. Le solde doit \u00eatre pay\u00e9 30 jours avant le d\u00e9part. Vous pouvez payer la facture avec les modes de paiement suivants:<\/p>\n<ul>\n<li>Bulletin de versement<\/li>\n<li>Online Banking<\/li>\n<li>Reka-Card<\/li>\n<li>Reka-Ch\u00e8ques<\/li>\n<\/ul>\n[\/vc_column_text][\/vc_column][vc_column width=\u00a0\u00bb1\/2&Prime;][vc_column_text]\n<h3>Documents et documents de voyage:<\/h3>\n<p>Vous recevrez vos documents de voyage et l&rsquo;itin\u00e9raire d\u00e9finitif au moins 10 jours avant le d\u00e9part.[\/vc_column_text][vc_column_text el_class=\u00a0\u00bbwk-padding-top\u00a0\u00bb]\n<h3>D\u00e9part &amp; Profitez-en:<\/h3>\n<p>Maintenant, il ne s&rsquo;agit plus que de \u00ab\u00a0D\u00e9part &amp; Profitez-en\u00a0\u00bb. Bien entendu, nous serons \u00e9galement heureux de vous conseiller et de vous soutenir \u00e0 tout moment pendant et apr\u00e8s votre voyage.[\/vc_column_text][vc_column_text el_class=\u00a0\u00bbwk-padding-top\u00a0\u00bb]\n<h3>Vous pouvez compter sur nous!<\/h3>\n<p>Nos clients sont des clients satisfaits! Et si quelque chose ne fonctionne pas comme il se doit : la bonne volont\u00e9 est \u00e9crite en majuscules sur car-tours.ch !<\/p>\n<p>Nous vous souhaitons d&rsquo;ores et d\u00e9j\u00e0 de bonnes vacances et beaucoup de plaisir lors de nos voyages en bonne compagnie.[\/vc_column_text][\/vc_column][\/vc_row][\/vc_section]\n<\/div>","protected":false},"excerpt":{"rendered":"<p>[vc_section][vc_row full_width=\u00a0\u00bbstretch_row_content_no_spaces\u00a0\u00bb css=\u00a0\u00bb.vc_custom_1573133274124{background-image: url(https:\/\/car-tours.ch\/wp-content\/uploads\/2019\/11\/Einfach-buchen-2000&#215;400.jpg?id=6831) !important;background-position: center !important;background-repeat: no-repeat !important;background-size: cover !important;}\u00a0\u00bb el_class=\u00a0\u00bbwk-header\u00a0\u00bb][vc_column][\/vc_column][\/vc_row][\/vc_section][vc_section el_class=\u00a0\u00bbwk-section\u00a0\u00bb][vc_row][vc_column][vc_column_text] Il suffit de r\u00e9server [\/vc_column_text][\/vc_column][\/vc_row][vc_row el_class=\u00a0\u00bbwk-row\u00a0\u00bb][vc_column width=\u00a0\u00bb5\/6&Prime;][vc_column_text]Nous vendons tous nos voyages en direct et donc sans les frais habituels pour le commerce interm\u00e9diaire par Internet ou par t\u00e9l\u00e9phone. Ainsi, vous pouvez faire votre r\u00e9servation chez vous dans le confort et b\u00e9n\u00e9ficier des&hellip;<\/p>\n","protected":false},"author":1,"featured_media":0,"parent":93956,"menu_order":0,"comment_status":"closed","ping_status":"closed","template":"","meta":{"_acf_changed":false,"footnotes":""},"class_list":["post-93970","page","type-page","status-publish","hentry","entry","no-media"],"acf":[],"_links":{"self":[{"href":"https:\/\/staging.e-bike-tours.ch\/fr\/wp-json\/wp\/v2\/pages\/93970","targetHints":{"allow":["GET"]}}],"collection":[{"href":"https:\/\/staging.e-bike-tours.ch\/fr\/wp-json\/wp\/v2\/pages"}],"about":[{"href":"https:\/\/staging.e-bike-tours.ch\/fr\/wp-json\/wp\/v2\/types\/page"}],"author":[{"embeddable":true,"href":"https:\/\/staging.e-bike-tours.ch\/fr\/wp-json\/wp\/v2\/users\/1"}],"replies":[{"embeddable":true,"href":"https:\/\/staging.e-bike-tours.ch\/fr\/wp-json\/wp\/v2\/comments?post=93970"}],"version-history":[{"count":6,"href":"https:\/\/staging.e-bike-tours.ch\/fr\/wp-json\/wp\/v2\/pages\/93970\/revisions"}],"predecessor-version":[{"id":114260,"href":"https:\/\/staging.e-bike-tours.ch\/fr\/wp-json\/wp\/v2\/pages\/93970\/revisions\/114260"}],"up":[{"embeddable":true,"href":"https:\/\/staging.e-bike-tours.ch\/fr\/wp-json\/wp\/v2\/pages\/93956"}],"wp:attachment":[{"href":"https:\/\/staging.e-bike-tours.ch\/fr\/wp-json\/wp\/v2\/media?parent=93970"}],"curies":[{"name":"wp","href":"https:\/\/api.w.org\/{rel}","templated":true}]}}